{"id":95,"date":"2024-12-10T10:46:32","date_gmt":"2024-12-10T09:46:32","guid":{"rendered":"http:\/\/ar.idve.pl\/strona-glowna\/"},"modified":"2024-12-29T12:27:36","modified_gmt":"2024-12-29T11:27:36","slug":"strona-glowna","status":"publish","type":"page","link":"https:\/\/agnieszkarosolinska.pl\/en\/","title":{"rendered":"Strona g\u0142\u00f3wna"},"content":{"rendered":"","protected":false},"excerpt":{"rendered":"","protected":false},"author":1,"featured_media":0,"parent":0,"menu_order":0,"comment_status":"closed","ping_status":"closed","template":"front-page.php","meta":{"_acf_changed":false,"_bbp_topic_count":0,"_bbp_reply_count":0,"_bbp_total_topic_count":0,"_bbp_total_reply_count":0,"_bbp_voice_count":0,"_bbp_anonymous_reply_count":0,"_bbp_topic_count_hidden":0,"_bbp_reply_count_hidden":0,"_bbp_forum_subforum_count":0,"inline_featured_image":false,"footnotes":""},"class_list":["post-95","page","type-page","status-publish","hentry"],"acf":[],"yoast_head":"<!-- This site is optimized with the Yoast SEO plugin v24.1 - https:\/\/yoast.com\/wordpress\/plugins\/seo\/ -->\n<title>Strona g\u0142\u00f3wna - Agnieszka Rosoli\u0144ska. Bieg\u0142y rewident.<\/title>\n<meta name=\"description\" content=\"Agnieszka Rosoli\u0144ska. Statutory auditor. Practitioner of strategic financial management, management accounting, company valuation and M&amp;A.\" \/>\n<meta name=\"robots\" content=\"index, follow, max-snippet:-1, max-image-preview:large, max-video-preview:-1\" \/>\n<link rel=\"canonical\" href=\"https:\/\/agnieszkarosolinska.pl\/en\/\" \/>\n<meta property=\"og:locale\" content=\"en_US\" \/>\n<meta property=\"og:type\" content=\"article\" \/>\n<meta property=\"og:title\" content=\"Strona g\u0142\u00f3wna - Agnieszka Rosoli\u0144ska. Bieg\u0142y rewident.\" \/>\n<meta property=\"og:description\" content=\"Agnieszka Rosoli\u0144ska. Statutory auditor. Practitioner of strategic financial management, management accounting, company valuation and M&amp;A.\" \/>\n<meta property=\"og:url\" content=\"https:\/\/agnieszkarosolinska.pl\/en\/\" \/>\n<meta property=\"og:site_name\" content=\"Agnieszka Rosoli\u0144ska. Bieg\u0142y rewident.\" \/>\n<meta property=\"article:modified_time\" content=\"2024-12-29T11:27:36+00:00\" \/>\n<meta name=\"twitter:card\" content=\"summary_large_image\" \/>\n<script type=\"application\/ld+json\" class=\"yoast-schema-graph\">{\"@context\":\"https:\/\/schema.org\",\"@graph\":[{\"@type\":\"WebPage\",\"@id\":\"https:\/\/agnieszkarosolinska.pl\/en\/\",\"url\":\"https:\/\/agnieszkarosolinska.pl\/en\/\",\"name\":\"Strona g\u0142\u00f3wna - Agnieszka Rosoli\u0144ska. Bieg\u0142y rewident.\",\"isPartOf\":{\"@id\":\"https:\/\/agnieszkarosolinska.pl\/#website\"},\"datePublished\":\"2024-12-10T09:46:32+00:00\",\"dateModified\":\"2024-12-29T11:27:36+00:00\",\"description\":\"Agnieszka Rosoli\u0144ska. Statutory auditor. Practitioner of strategic financial management, management accounting, company valuation and M&A.\",\"breadcrumb\":{\"@id\":\"https:\/\/agnieszkarosolinska.pl\/en\/#breadcrumb\"},\"inLanguage\":\"en-US\",\"potentialAction\":[{\"@type\":\"ReadAction\",\"target\":[\"https:\/\/agnieszkarosolinska.pl\/en\/\"]}]},{\"@type\":\"BreadcrumbList\",\"@id\":\"https:\/\/agnieszkarosolinska.pl\/en\/#breadcrumb\",\"itemListElement\":[{\"@type\":\"ListItem\",\"position\":1,\"name\":\"Strona g\u0142\u00f3wna\",\"item\":\"https:\/\/agnieszkarosolinska.pl\/en\/\"},{\"@type\":\"ListItem\",\"position\":2,\"name\":\"Strona g\u0142\u00f3wna\"}]},{\"@type\":\"WebSite\",\"@id\":\"https:\/\/agnieszkarosolinska.pl\/#website\",\"url\":\"https:\/\/agnieszkarosolinska.pl\/\",\"name\":\"Agnieszka Rosoli\u0144ska. Bieg\u0142y rewident.\",\"description\":\"Bieg\u0142y rewident. Praktyk strategicznego zarz\u0105dzania finansami.\",\"potentialAction\":[{\"@type\":\"SearchAction\",\"target\":{\"@type\":\"EntryPoint\",\"urlTemplate\":\"https:\/\/agnieszkarosolinska.pl\/?s={search_term_string}\"},\"query-input\":{\"@type\":\"PropertyValueSpecification\",\"valueRequired\":true,\"valueName\":\"search_term_string\"}}],\"inLanguage\":\"en-US\"}]}<\/script>\n<!-- \/ Yoast SEO plugin. -->","yoast_head_json":{"title":"Strona g\u0142\u00f3wna - Agnieszka Rosoli\u0144ska. Bieg\u0142y rewident.","description":"Agnieszka Rosoli\u0144ska. Statutory auditor. Practitioner of strategic financial management, management accounting, company valuation and M&A.","robots":{"index":"index","follow":"follow","max-snippet":"max-snippet:-1","max-image-preview":"max-image-preview:large","max-video-preview":"max-video-preview:-1"},"canonical":"https:\/\/agnieszkarosolinska.pl\/en\/","og_locale":"en_US","og_type":"article","og_title":"Strona g\u0142\u00f3wna - Agnieszka Rosoli\u0144ska. Bieg\u0142y rewident.","og_description":"Agnieszka Rosoli\u0144ska. Statutory auditor. Practitioner of strategic financial management, management accounting, company valuation and M&A.","og_url":"https:\/\/agnieszkarosolinska.pl\/en\/","og_site_name":"Agnieszka Rosoli\u0144ska. Bieg\u0142y rewident.","article_modified_time":"2024-12-29T11:27:36+00:00","twitter_card":"summary_large_image","schema":{"@context":"https:\/\/schema.org","@graph":[{"@type":"WebPage","@id":"https:\/\/agnieszkarosolinska.pl\/en\/","url":"https:\/\/agnieszkarosolinska.pl\/en\/","name":"Strona g\u0142\u00f3wna - Agnieszka Rosoli\u0144ska. Bieg\u0142y rewident.","isPartOf":{"@id":"https:\/\/agnieszkarosolinska.pl\/#website"},"datePublished":"2024-12-10T09:46:32+00:00","dateModified":"2024-12-29T11:27:36+00:00","description":"Agnieszka Rosoli\u0144ska. Statutory auditor. Practitioner of strategic financial management, management accounting, company valuation and M&A.","breadcrumb":{"@id":"https:\/\/agnieszkarosolinska.pl\/en\/#breadcrumb"},"inLanguage":"en-US","potentialAction":[{"@type":"ReadAction","target":["https:\/\/agnieszkarosolinska.pl\/en\/"]}]},{"@type":"BreadcrumbList","@id":"https:\/\/agnieszkarosolinska.pl\/en\/#breadcrumb","itemListElement":[{"@type":"ListItem","position":1,"name":"Strona g\u0142\u00f3wna","item":"https:\/\/agnieszkarosolinska.pl\/en\/"},{"@type":"ListItem","position":2,"name":"Strona g\u0142\u00f3wna"}]},{"@type":"WebSite","@id":"https:\/\/agnieszkarosolinska.pl\/#website","url":"https:\/\/agnieszkarosolinska.pl\/","name":"Agnieszka Rosoli\u0144ska. Bieg\u0142y rewident.","description":"Bieg\u0142y rewident. Praktyk strategicznego zarz\u0105dzania finansami.","potentialAction":[{"@type":"SearchAction","target":{"@type":"EntryPoint","urlTemplate":"https:\/\/agnieszkarosolinska.pl\/?s={search_term_string}"},"query-input":{"@type":"PropertyValueSpecification","valueRequired":true,"valueName":"search_term_string"}}],"inLanguage":"en-US"}]}},"_links":{"self":[{"href":"https:\/\/agnieszkarosolinska.pl\/en\/wp-json\/wp\/v2\/pages\/95","targetHints":{"allow":["GET"]}}],"collection":[{"href":"https:\/\/agnieszkarosolinska.pl\/en\/wp-json\/wp\/v2\/pages"}],"about":[{"href":"https:\/\/agnieszkarosolinska.pl\/en\/wp-json\/wp\/v2\/types\/page"}],"author":[{"embeddable":true,"href":"https:\/\/agnieszkarosolinska.pl\/en\/wp-json\/wp\/v2\/users\/1"}],"replies":[{"embeddable":true,"href":"https:\/\/agnieszkarosolinska.pl\/en\/wp-json\/wp\/v2\/comments?post=95"}],"version-history":[{"count":19,"href":"https:\/\/agnieszkarosolinska.pl\/en\/wp-json\/wp\/v2\/pages\/95\/revisions"}],"predecessor-version":[{"id":185,"href":"https:\/\/agnieszkarosolinska.pl\/en\/wp-json\/wp\/v2\/pages\/95\/revisions\/185"}],"wp:attachment":[{"href":"https:\/\/agnieszkarosolinska.pl\/en\/wp-json\/wp\/v2\/media?parent=95"}],"curies":[{"name":"wp","href":"https:\/\/api.w.org\/{rel}","templated":true}]}}